{"id":4,"date":"2013-03-22T15:00:52","date_gmt":"2013-03-22T15:00:52","guid":{"rendered":"http:\/\/www.jugendumweltpark.de\/?page_id=4"},"modified":"2016-06-17T16:27:19","modified_gmt":"2016-06-17T16:27:19","slug":"der-jugendumweltpark","status":"publish","type":"page","link":"https:\/\/www.jugendumweltpark.de\/?page_id=4","title":{"rendered":"JugendUmweltPark"},"content":{"rendered":"<p>Der JUP ist ein Permakulturprojekt im westlichen Ringgebiet Braunschweigs, das seit M\u00e4rz 1993 auf einer Fl\u00e4che von fast 2.500 Quadratmetern existiert. Permakultur wird dabei nicht nur als eine Form des \u00f6kologischen Gem\u00fcseanbaus verstanden, sondern als eine Philosophie des Zusammenlebens von Menschen mit der Umwelt, ohne diese zu sch\u00e4digen, aber trotzdem zu nutzen. Permakultur zu leben und erlebbar zu machen, darum geht es uns.<\/p>\n<p>Im JUP arbeiten Jugendliche und Junggebliebene und immer wieder kreuzen die Kinder aus der Nachbarschaft auf, die dort spielen und hin und wieder auch mal quer durch unsere Gem\u00fcsebeete laufen. Der Garten ist in Braunschweig bisher ziemlich unbekannt, trotzdem hat der JUP jedes Jahr neue Leute angezogen, die sich f\u00fcr den Garten und Permakultur interessieren und engagieren.<\/p>\n<p>Verschiedenste Seminare und Veranstaltungen haben die letzten Jahre auf dem Gel\u00e4nde stattgefunden. Von Lehmbauworkshops, Papiersch\u00f6pfen oder &#8222;F\u00e4rben mit Naturmaterialien&#8220; bis zum g\u00e4rtnerisch-praktischem Seminar &#8222;Baumpflege und Baumklettern&#8220;. Wir sind ein Projekt des <a href=\"http:\/\/www.oekoscouts.de\">\u00f6koscouts e. V.<\/a><\/p>\n","protected":false},"excerpt":{"rendered":"<p>Der JUP ist ein Permakulturprojekt im westlichen Ringgebiet Braunschweigs, das seit M\u00e4rz 1993 auf einer Fl\u00e4che von fast 2.500 Quadratmetern existiert. Permakultur wird dabei nicht nur als eine Form des \u00f6kologischen Gem\u00fcseanbaus verstanden, sondern als eine Philosophie des Zusammenlebens von Menschen mit der Umwelt, ohne diese zu sch\u00e4digen, aber trotzdem zu nutzen. Permakultur zu leben [&hellip;]<\/p>\n","protected":false},"author":2,"featured_media":0,"parent":0,"menu_order":0,"comment_status":"open","ping_status":"open","template":"","meta":{"footnotes":""},"class_list":["post-4","page","type-page","status-publish","hentry"],"_links":{"self":[{"href":"https:\/\/www.jugendumweltpark.de\/index.php?rest_route=\/wp\/v2\/pages\/4","targetHints":{"allow":["GET"]}}],"collection":[{"href":"https:\/\/www.jugendumweltpark.de\/index.php?rest_route=\/wp\/v2\/pages"}],"about":[{"href":"https:\/\/www.jugendumweltpark.de\/index.php?rest_route=\/wp\/v2\/types\/page"}],"author":[{"embeddable":true,"href":"https:\/\/www.jugendumweltpark.de\/index.php?rest_route=\/wp\/v2\/users\/2"}],"replies":[{"embeddable":true,"href":"https:\/\/www.jugendumweltpark.de\/index.php?rest_route=%2Fwp%2Fv2%2Fcomments&post=4"}],"version-history":[{"count":7,"href":"https:\/\/www.jugendumweltpark.de\/index.php?rest_route=\/wp\/v2\/pages\/4\/revisions"}],"predecessor-version":[{"id":113,"href":"https:\/\/www.jugendumweltpark.de\/index.php?rest_route=\/wp\/v2\/pages\/4\/revisions\/113"}],"wp:attachment":[{"href":"https:\/\/www.jugendumweltpark.de\/index.php?rest_route=%2Fwp%2Fv2%2Fmedia&parent=4"}],"curies":[{"name":"wp","href":"https:\/\/api.w.org\/{rel}","templated":true}]}}