{"id":23,"date":"2013-03-28T11:45:59","date_gmt":"2013-03-28T11:45:59","guid":{"rendered":"http:\/\/www.jugendumweltpark.de\/?page_id=23"},"modified":"2026-03-24T18:45:07","modified_gmt":"2026-03-24T18:45:07","slug":"veranstaltungen","status":"publish","type":"page","link":"https:\/\/www.jugendumweltpark.de\/?page_id=23","title":{"rendered":"Veranstaltungen"},"content":{"rendered":"<p><span style=\"font-family: Arial, sans-serif;\">Wie auch im letzten Jahren gibt es keinen Plan f\u00fcr das gesamte Jahr. Diese Seite wird unregelm\u00e4\u00dfig aktualisiert. Weitere Ideen sind ein Kr\u00e4uter-Workshop, ein Brot-back- und Fermentations-Workshop und eine Veranstaltung \u00fcber Wildbienen.<br \/><\/span><\/p>\n<p><span style=\"font-family: Arial, sans-serif;\">Veranstaltungsort ist jeweils der JugendUmweltPark (JUP). Bei externen Veranstaltungen ist der Ort angegeben. Zur besseren Planung bitten wir Euch immer um vorherige Anmeldung. Wenn nicht anders angegeben, entweder pers\u00f6nlich im JUP oder per Mail unter jugendumweltpark[at]web.de.<\/span><\/p>\n<h3><strong>Jeden Donnerstag von 16 &#8211; 18 Uhr offene Gartengruppe<\/strong><\/h3>\n<p>Wer Lust auf Permakultur und Gem\u00fcseanbau hat kann jeden Donnerstag bei uns reinschnuppern. Keine Anmeldung.<\/p>\n<h3><strong>22.02.2026 (Sonntag) 11 &#8211; 15 Uhr: 12. Braunschweiger Saatgutb\u00f6rse<\/strong><\/h3>\n<p>Auch in diesem Jahr findet ihr wieder einen Infostand von uns auf der Saatgutb\u00f6rse. Die Saatgutb\u00f6rse findet im Nachhaltigkeitszentrum im Bohlweg 55 in der Braunschweiger Innenstadt statt. Schaut gerne vorbei. Vielleicht findet ihr ja was Sch\u00f6nes f\u00fcr euren Balkon oder Garten.<\/p>\n<h3><strong>12.04.2026 (Sonntag) 16 &#8211; 19 Uhr: Wilde Fr\u00fchlingskr\u00e4uter entdecken<\/strong><\/h3>\n<p>Wir laden euch herzlich zu einem Kr\u00e4uter-Event im JUP ein!<\/p>\n<p>Gemeinsam entdecken wir saisonale Wildkr\u00e4uter, lernen ihre Verwendung kennen und halten nebenbei Ausschau nach heimischen V\u00f6geln, die wir gemeinsam bestimmen.<\/p>\n<p>Im Anschluss wird es praktisch: Wir kochen zusammen die traditionelle \u201eGr\u00fcne Neune\u201c-Suppe und probieren unsere Kreationen bei einer gem\u00fctlichen Verkostung. Den Abend lassen wir entspannt am Lagerfeuer ausklingen.<br \/>F\u00fcr alle Jugendlichen und Junggebliebenen kostenlos!<\/p>\n<p>Keine Anmeldung erforderlich.<\/p>\n\n\n<p><\/p>\n","protected":false},"excerpt":{"rendered":"<p>Wie auch im letzten Jahren gibt es keinen Plan f\u00fcr das gesamte Jahr. Diese Seite wird unregelm\u00e4\u00dfig aktualisiert. Weitere Ideen sind ein Kr\u00e4uter-Workshop, ein Brot-back- und Fermentations-Workshop und eine Veranstaltung \u00fcber Wildbienen. Veranstaltungsort ist jeweils der JugendUmweltPark (JUP). Bei externen Veranstaltungen ist der Ort angegeben. Zur besseren Planung bitten wir Euch immer um vorherige Anmeldung. [&hellip;]<\/p>\n","protected":false},"author":2,"featured_media":0,"parent":0,"menu_order":-1,"comment_status":"open","ping_status":"open","template":"","meta":{"footnotes":""},"class_list":["post-23","page","type-page","status-publish","hentry"],"_links":{"self":[{"href":"https:\/\/www.jugendumweltpark.de\/index.php?rest_route=\/wp\/v2\/pages\/23","targetHints":{"allow":["GET"]}}],"collection":[{"href":"https:\/\/www.jugendumweltpark.de\/index.php?rest_route=\/wp\/v2\/pages"}],"about":[{"href":"https:\/\/www.jugendumweltpark.de\/index.php?rest_route=\/wp\/v2\/types\/page"}],"author":[{"embeddable":true,"href":"https:\/\/www.jugendumweltpark.de\/index.php?rest_route=\/wp\/v2\/users\/2"}],"replies":[{"embeddable":true,"href":"https:\/\/www.jugendumweltpark.de\/index.php?rest_route=%2Fwp%2Fv2%2Fcomments&post=23"}],"version-history":[{"count":77,"href":"https:\/\/www.jugendumweltpark.de\/index.php?rest_route=\/wp\/v2\/pages\/23\/revisions"}],"predecessor-version":[{"id":269,"href":"https:\/\/www.jugendumweltpark.de\/index.php?rest_route=\/wp\/v2\/pages\/23\/revisions\/269"}],"wp:attachment":[{"href":"https:\/\/www.jugendumweltpark.de\/index.php?rest_route=%2Fwp%2Fv2%2Fmedia&parent=23"}],"curies":[{"name":"wp","href":"https:\/\/api.w.org\/{rel}","templated":true}]}}